{"id":21,"date":"2018-07-25T10:58:17","date_gmt":"2018-07-25T08:58:17","guid":{"rendered":"http:\/\/escrimelemans.fr\/?page_id=21"},"modified":"2025-12-16T08:24:37","modified_gmt":"2025-12-16T07:24:37","slug":"presentation","status":"publish","type":"page","link":"https:\/\/escrimelemans.fr\/?page_id=21","title":{"rendered":"Pr\u00e9sentation"},"content":{"rendered":"<p><strong>Comp\u00e9titions organis\u00e9es<\/strong><\/p>\n<p>L&rsquo;escrime est inscrite aux \u00e9preuves des jeux Olympiques depuis 1896 et l&rsquo;\u00e9p\u00e9e est une des cinq \u00e9preuves du pentathlon moderne. Les comp\u00e9titions internationales sont sanctionn\u00e9es par la F\u00e9d\u00e9ration internationale d&rsquo;escrime, organisme mondial r\u00e9gissant ce sport. Un championnat du monde se tient tous les ans pour d\u00e9terminer les champions individuels et par \u00e9quipes dans chaque arme. Cinq pays dominent aujourd&rsquo;hui ce sport : la France, l&rsquo;Allemagne, la Hongrie, l&rsquo;Italie et la Russie. Dans ces pays, l&rsquo;escrime est un sport vivant et de haut niveau, avec un syst\u00e8me de financement pour les nouveaux talents. Dans les ann\u00e9es 1990, la France a \u00e9t\u00e9 championne du monde \u00e0 l&rsquo;\u00e9p\u00e9e en 1994, le Fran\u00e7ais Srecki a \u00e9t\u00e9 champion olympique \u00e0 l&rsquo;\u00e9p\u00e9e, en 1992, et champion du monde, toujours \u00e0 l&rsquo;\u00e9p\u00e9e, en 1995, le Fran\u00e7ais Omn\u00e8s a \u00e9t\u00e9 champion olympique du fleuret en 1992. Laura Flessel a \u00e9t\u00e9 double championne olympique \u00e0 Atlanta \u00e0 l&rsquo;\u00e9p\u00e9e individuelle et par \u00e9quipe en 1994. Avec ses 6 m\u00e9dailles, dont 1 en or au fleuret masculin par \u00e9quipe, \u00e0 Sydney, l&rsquo;escrime est le sport fran\u00e7ais le plus m\u00e9daill\u00e9 depuis les Jeux Olympiques de 1896 en totalisant 105 m\u00e9dailles.<\/p>\n<p><strong> Les 5 sections<\/strong><\/p>\n<p>5 sections permettent \u00e0 chacun de pratiquer l&rsquo;escrime, dirig\u00e9es par un Ma\u00eetre d&rsquo;armes dipl\u00f4m\u00e9 d\u2019\u00c9tat.<\/p>\n<p>&gt;\u00c9COLE D\u2019ESCRIME POUR LES JEUNES D\u00c9BUTANTS (6 \u00e0 13 ans) (mat\u00e9riel pr\u00eat\u00e9 jusqu&rsquo;\u00e0 No\u00ebl)<\/p>\n<p>&gt;ESCRIME COMP\u00c9TITION DE POUSSINS A V\u00c9T\u00c9RANS<\/p>\n<p>&gt;ESCRIME LOISIRS (mat\u00e9riel pr\u00eat\u00e9)<\/p>\n<p>&gt;HANDISPORT ESCRIME en fauteuil, cours avec les valides (mat\u00e9riel pr\u00eat\u00e9)<\/p>\n<p>&gt;SPORT ADAPT\u00c9, cours avec les valides (mat\u00e9riel pr\u00eat\u00e9)<\/p>\n<blockquote><p>Feuilles d&rsquo;inscription sur la page \u00ab\u00a0inscriptions\u00a0\u00bb + mod\u00e8le de certificat m\u00e9dical<\/p><\/blockquote>\n","protected":false},"excerpt":{"rendered":"<p>Comp\u00e9titions organis\u00e9es L&rsquo;escrime est inscrite aux \u00e9preuves des jeux Olympiques depuis 1896 et l&rsquo;\u00e9p\u00e9e est une des cinq \u00e9preuves du pentathlon moderne. Les comp\u00e9titions internationales sont sanctionn\u00e9es par la F\u00e9d\u00e9ration [&hellip;]<\/p>\n","protected":false},"author":1,"featured_media":0,"parent":19,"menu_order":1,"comment_status":"closed","ping_status":"closed","template":"","meta":{"ocean_post_layout":"","ocean_both_sidebars_style":"","ocean_both_sidebars_content_width":0,"ocean_both_sidebars_sidebars_width":0,"ocean_sidebar":"","ocean_second_sidebar":"","ocean_disable_margins":"enable","ocean_add_body_class":"","ocean_shortcode_before_top_bar":"","ocean_shortcode_after_top_bar":"","ocean_shortcode_before_header":"","ocean_shortcode_after_header":"","ocean_has_shortcode":"","ocean_shortcode_after_title":"","ocean_shortcode_before_footer_widgets":"","ocean_shortcode_after_footer_widgets":"","ocean_shortcode_before_footer_bottom":"","ocean_shortcode_after_footer_bottom":"","ocean_display_top_bar":"default","ocean_display_header":"default","ocean_header_style":"","ocean_center_header_left_menu":"","ocean_custom_header_template":"","ocean_custom_logo":0,"ocean_custom_retina_logo":0,"ocean_custom_logo_max_width":0,"ocean_custom_logo_tablet_max_width":0,"ocean_custom_logo_mobile_max_width":0,"ocean_custom_logo_max_height":0,"ocean_custom_logo_tablet_max_height":0,"ocean_custom_logo_mobile_max_height":0,"ocean_header_custom_menu":"","ocean_menu_typo_font_family":"","ocean_menu_typo_font_subset":"","ocean_menu_typo_font_size":0,"ocean_menu_typo_font_size_tablet":0,"ocean_menu_typo_font_size_mobile":0,"ocean_menu_typo_font_size_unit":"px","ocean_menu_typo_font_weight":"","ocean_menu_typo_font_weight_tablet":"","ocean_menu_typo_font_weight_mobile":"","ocean_menu_typo_transform":"","ocean_menu_typo_transform_tablet":"","ocean_menu_typo_transform_mobile":"","ocean_menu_typo_line_height":0,"ocean_menu_typo_line_height_tablet":0,"ocean_menu_typo_line_height_mobile":0,"ocean_menu_typo_line_height_unit":"","ocean_menu_typo_spacing":0,"ocean_menu_typo_spacing_tablet":0,"ocean_menu_typo_spacing_mobile":0,"ocean_menu_typo_spacing_unit":"","ocean_menu_link_color":"","ocean_menu_link_color_hover":"","ocean_menu_link_color_active":"","ocean_menu_link_background":"","ocean_menu_link_hover_background":"","ocean_menu_link_active_background":"","ocean_menu_social_links_bg":"","ocean_menu_social_hover_links_bg":"","ocean_menu_social_links_color":"","ocean_menu_social_hover_links_color":"","ocean_disable_title":"default","ocean_disable_heading":"default","ocean_post_title":"","ocean_post_subheading":"","ocean_post_title_style":"","ocean_post_title_background_color":"","ocean_post_title_background":0,"ocean_post_title_bg_image_position":"","ocean_post_title_bg_image_attachment":"","ocean_post_title_bg_image_repeat":"","ocean_post_title_bg_image_size":"","ocean_post_title_height":0,"ocean_post_title_bg_overlay":0.5,"ocean_post_title_bg_overlay_color":"","ocean_disable_breadcrumbs":"default","ocean_breadcrumbs_color":"","ocean_breadcrumbs_separator_color":"","ocean_breadcrumbs_links_color":"","ocean_breadcrumbs_links_hover_color":"","ocean_display_footer_widgets":"default","ocean_display_footer_bottom":"default","ocean_custom_footer_template":"","footnotes":""},"class_list":["post-21","page","type-page","status-publish","hentry","entry"],"_links":{"self":[{"href":"https:\/\/escrimelemans.fr\/index.php?rest_route=\/wp\/v2\/pages\/21","targetHints":{"allow":["GET"]}}],"collection":[{"href":"https:\/\/escrimelemans.fr\/index.php?rest_route=\/wp\/v2\/pages"}],"about":[{"href":"https:\/\/escrimelemans.fr\/index.php?rest_route=\/wp\/v2\/types\/page"}],"author":[{"embeddable":true,"href":"https:\/\/escrimelemans.fr\/index.php?rest_route=\/wp\/v2\/users\/1"}],"replies":[{"embeddable":true,"href":"https:\/\/escrimelemans.fr\/index.php?rest_route=%2Fwp%2Fv2%2Fcomments&post=21"}],"version-history":[{"count":13,"href":"https:\/\/escrimelemans.fr\/index.php?rest_route=\/wp\/v2\/pages\/21\/revisions"}],"predecessor-version":[{"id":2320,"href":"https:\/\/escrimelemans.fr\/index.php?rest_route=\/wp\/v2\/pages\/21\/revisions\/2320"}],"up":[{"embeddable":true,"href":"https:\/\/escrimelemans.fr\/index.php?rest_route=\/wp\/v2\/pages\/19"}],"wp:attachment":[{"href":"https:\/\/escrimelemans.fr\/index.php?rest_route=%2Fwp%2Fv2%2Fmedia&parent=21"}],"curies":[{"name":"wp","href":"https:\/\/api.w.org\/{rel}","templated":true}]}}