{"id":25,"date":"2015-07-10T10:58:58","date_gmt":"2015-07-10T08:58:58","guid":{"rendered":"http:\/\/escrimelemans.fr\/?page_id=25"},"modified":"2023-07-08T15:21:21","modified_gmt":"2023-07-08T13:21:21","slug":"partenariats","status":"publish","type":"page","link":"https:\/\/escrimelemans.fr\/?page_id=25","title":{"rendered":"Partenariats"},"content":{"rendered":"<h2>Ils nous supportent et nous font confiance :<\/h2>\n<p><a href=\"http:\/\/www.ce-mma.fr\/Menu\/Accueil\/p--1.html\"><img decoding=\"async\" class=\"alignnone wp-image-310\" src=\"https:\/\/escrimelemans.fr\/wp-content\/uploads\/2015\/07\/bandeau_Ce-MMa1-300x167.png\" alt=\"bandeau_Ce MMa\" width=\"217\" height=\"121\" srcset=\"https:\/\/escrimelemans.fr\/wp-content\/uploads\/2015\/07\/bandeau_Ce-MMa1-300x167.png 300w, https:\/\/escrimelemans.fr\/wp-content\/uploads\/2015\/07\/bandeau_Ce-MMa1.png 845w\" sizes=\"(max-width: 217px) 100vw, 217px\" \/><\/a> \u00a0 \u00a0 \u00a0 \u00a0 \u00a0 \u00a0 <a href=\"http:\/\/www.pack15-30.fr\/?id=18\"><img decoding=\"async\" class=\"alignnone wp-image-106\" src=\"https:\/\/escrimelemans.fr\/wp-content\/uploads\/2015\/07\/Pass-Culture-et-Sport-300x132.png\" alt=\"Pass-Culture-et-Sport\" width=\"232\" height=\"102\" srcset=\"https:\/\/escrimelemans.fr\/wp-content\/uploads\/2015\/07\/Pass-Culture-et-Sport-300x132.png 300w, https:\/\/escrimelemans.fr\/wp-content\/uploads\/2015\/07\/Pass-Culture-et-Sport.png 938w\" sizes=\"(max-width: 232px) 100vw, 232px\" \/><\/a>\u00a0\u00a0 \u00a0 \u00a0 \u00a0 \u00a0\u00a0 \u00a0\u00a0 <a href=\"http:\/\/www.lemans.fr\"><img decoding=\"async\" class=\"alignnone wp-image-96 \" src=\"https:\/\/escrimelemans.fr\/wp-content\/uploads\/2015\/07\/Logo_Le_Mans-300x208.png\" alt=\"Logo_Le_Mans\" width=\"213\" height=\"148\" srcset=\"https:\/\/escrimelemans.fr\/wp-content\/uploads\/2015\/07\/Logo_Le_Mans-300x208.png 300w, https:\/\/escrimelemans.fr\/wp-content\/uploads\/2015\/07\/Logo_Le_Mans.png 798w\" sizes=\"(max-width: 213px) 100vw, 213px\" \/><\/a>\u00a0\u00a0<a href=\"http:\/\/www.sport-sante-paysdelaloire.fr\"><img loading=\"lazy\" decoding=\"async\" class=\"alignnone wp-image-97 \" src=\"https:\/\/escrimelemans.fr\/wp-content\/uploads\/2015\/07\/logo_sport_sante10-300x159.png\" alt=\"logo_sport_sante10\" width=\"275\" height=\"146\" srcset=\"https:\/\/escrimelemans.fr\/wp-content\/uploads\/2015\/07\/logo_sport_sante10-300x159.png 300w, https:\/\/escrimelemans.fr\/wp-content\/uploads\/2015\/07\/logo_sport_sante10.png 369w\" sizes=\"(max-width: 275px) 100vw, 275px\" \/><\/a> \u00a0 \u00a0\u00a0\u00a0\u00a0 \u00a0 \u00a0 \u00a0\u00a0 <a href=\"https:\/\/www.antareslemans.com\"><img loading=\"lazy\" decoding=\"async\" class=\"alignnone size-medium wp-image-94\" src=\"https:\/\/escrimelemans.fr\/wp-content\/uploads\/2015\/07\/logo-antares.jpeg\" alt=\"logo antares\" width=\"180\" height=\"180\" srcset=\"https:\/\/escrimelemans.fr\/wp-content\/uploads\/2015\/07\/logo-antares.jpeg 180w, https:\/\/escrimelemans.fr\/wp-content\/uploads\/2015\/07\/logo-antares-150x150.jpeg 150w\" sizes=\"(max-width: 180px) 100vw, 180px\" \/><\/a>\u00a0 \u00a0 \u00a0 \u00a0 \u00a0 \u00a0 \u00a0 \u00a0 \u00a0 \u00a0 \u00a0 \u00a0 \u00a0\u00a0<a href=\"http:\/\/www.escrime-ffe.fr\"><img loading=\"lazy\" decoding=\"async\" class=\"alignnone wp-image-305\" src=\"https:\/\/escrimelemans.fr\/wp-content\/uploads\/2015\/09\/F\u00e9d\u00e9ration_fran\u00e7aise_descrime_logo-300x160.png\" alt=\"F\u00e9d\u00e9ration_fran\u00e7aise_d'escrime_logo\" width=\"240\" height=\"128\" srcset=\"https:\/\/escrimelemans.fr\/wp-content\/uploads\/2015\/09\/F\u00e9d\u00e9ration_fran\u00e7aise_descrime_logo-300x160.png 300w, https:\/\/escrimelemans.fr\/wp-content\/uploads\/2015\/09\/F\u00e9d\u00e9ration_fran\u00e7aise_descrime_logo.png 628w\" sizes=\"(max-width: 240px) 100vw, 240px\" \/><\/a>\u00a0 \u00a0 \u00a0 \u00a0 \u00a0 \u00a0 \u00a0 \u00a0 \u00a0 \u00a0\u00a0<a href=\"http:\/\/www.handisport.org\"><img loading=\"lazy\" decoding=\"async\" class=\"alignnone wp-image-93\" src=\"https:\/\/escrimelemans.fr\/wp-content\/uploads\/2015\/07\/ligue_handisport-300x300.jpg\" alt=\"ligue_handisport\" width=\"206\" height=\"206\" srcset=\"https:\/\/escrimelemans.fr\/wp-content\/uploads\/2015\/07\/ligue_handisport-300x300.jpg 300w, https:\/\/escrimelemans.fr\/wp-content\/uploads\/2015\/07\/ligue_handisport-150x150.jpg 150w, https:\/\/escrimelemans.fr\/wp-content\/uploads\/2015\/07\/ligue_handisport-1024x1024.jpg 1024w, https:\/\/escrimelemans.fr\/wp-content\/uploads\/2015\/07\/ligue_handisport.jpg 1181w\" sizes=\"(max-width: 206px) 100vw, 206px\" \/><\/a>\u00a0\u00a0\u00a0\u00a0\u00a0\u00a0\u00a0\u00a0\u00a0\u00a0\u00a0\u00a0 \u00a0 \u00a0 \u00a0 \u00a0 \u00a0 \u00a0 \u00a0 \u00a0 \u00a0 \u00a0\u00a0 \u00a0\u00a0 \u00a0 <a href=\"http:\/\/www.ffsa.asso.fr\"><img loading=\"lazy\" decoding=\"async\" class=\"alignnone wp-image-95\" src=\"https:\/\/escrimelemans.fr\/wp-content\/uploads\/2015\/07\/Logo_FFSA_Quadri_HD-174x300.jpg\" alt=\"Logo_FFSA_Quadri_HD\" width=\"122\" height=\"210\" srcset=\"https:\/\/escrimelemans.fr\/wp-content\/uploads\/2015\/07\/Logo_FFSA_Quadri_HD-174x300.jpg 174w, https:\/\/escrimelemans.fr\/wp-content\/uploads\/2015\/07\/Logo_FFSA_Quadri_HD.jpg 406w\" sizes=\"(max-width: 122px) 100vw, 122px\" \/><\/a>\u00a0\u00a0\u00a0\u00a0\u00a0\u00a0\u00a0\u00a0\u00a0\u00a0\u00a0\u00a0\u00a0\u00a0\u00a0\u00a0\u00a0\u00a0\u00a0\u00a0\u00a0\u00a0\u00a0\u00a0\u00a0\u00a0\u00a0\u00a0\u00a0 <a href=\"http:\/\/www.cezampdl.org\"><img loading=\"lazy\" decoding=\"async\" class=\"alignnone size-full wp-image-175\" src=\"https:\/\/escrimelemans.fr\/wp-content\/uploads\/2015\/07\/logo-cezam.png\" alt=\"logo cezam\" width=\"209\" height=\"99\" \/><\/a><\/p>\n<p><img loading=\"lazy\" decoding=\"async\" class=\"alignleft size-thumbnail wp-image-1827\" src=\"https:\/\/escrimelemans.fr\/wp-content\/uploads\/2015\/07\/caf-72-150x150.jpg\" alt=\"caf 72\" width=\"150\" height=\"150\" \/><\/p>\n","protected":false},"excerpt":{"rendered":"<p>Ils nous supportent et nous font confiance : \u00a0 \u00a0 \u00a0 \u00a0 \u00a0 \u00a0 \u00a0\u00a0 \u00a0 \u00a0 \u00a0 \u00a0\u00a0 \u00a0\u00a0 \u00a0\u00a0 \u00a0 \u00a0\u00a0\u00a0\u00a0 \u00a0 \u00a0 \u00a0\u00a0 \u00a0 \u00a0 \u00a0 \u00a0 [&hellip;]<\/p>\n","protected":false},"author":1,"featured_media":1825,"parent":19,"menu_order":3,"comment_status":"closed","ping_status":"closed","template":"","meta":{"ocean_post_layout":"","ocean_both_sidebars_style":"","ocean_both_sidebars_content_width":0,"ocean_both_sidebars_sidebars_width":0,"ocean_sidebar":"","ocean_second_sidebar":"","ocean_disable_margins":"enable","ocean_add_body_class":"","ocean_shortcode_before_top_bar":"","ocean_shortcode_after_top_bar":"","ocean_shortcode_before_header":"","ocean_shortcode_after_header":"","ocean_has_shortcode":"","ocean_shortcode_after_title":"","ocean_shortcode_before_footer_widgets":"","ocean_shortcode_after_footer_widgets":"","ocean_shortcode_before_footer_bottom":"","ocean_shortcode_after_footer_bottom":"","ocean_display_top_bar":"default","ocean_display_header":"default","ocean_header_style":"","ocean_center_header_left_menu":"","ocean_custom_header_template":"","ocean_custom_logo":0,"ocean_custom_retina_logo":0,"ocean_custom_logo_max_width":0,"ocean_custom_logo_tablet_max_width":0,"ocean_custom_logo_mobile_max_width":0,"ocean_custom_logo_max_height":0,"ocean_custom_logo_tablet_max_height":0,"ocean_custom_logo_mobile_max_height":0,"ocean_header_custom_menu":"","ocean_menu_typo_font_family":"","ocean_menu_typo_font_subset":"","ocean_menu_typo_font_size":0,"ocean_menu_typo_font_size_tablet":0,"ocean_menu_typo_font_size_mobile":0,"ocean_menu_typo_font_size_unit":"px","ocean_menu_typo_font_weight":"","ocean_menu_typo_font_weight_tablet":"","ocean_menu_typo_font_weight_mobile":"","ocean_menu_typo_transform":"","ocean_menu_typo_transform_tablet":"","ocean_menu_typo_transform_mobile":"","ocean_menu_typo_line_height":0,"ocean_menu_typo_line_height_tablet":0,"ocean_menu_typo_line_height_mobile":0,"ocean_menu_typo_line_height_unit":"","ocean_menu_typo_spacing":0,"ocean_menu_typo_spacing_tablet":0,"ocean_menu_typo_spacing_mobile":0,"ocean_menu_typo_spacing_unit":"","ocean_menu_link_color":"","ocean_menu_link_color_hover":"","ocean_menu_link_color_active":"","ocean_menu_link_background":"","ocean_menu_link_hover_background":"","ocean_menu_link_active_background":"","ocean_menu_social_links_bg":"","ocean_menu_social_hover_links_bg":"","ocean_menu_social_links_color":"","ocean_menu_social_hover_links_color":"","ocean_disable_title":"default","ocean_disable_heading":"default","ocean_post_title":"","ocean_post_subheading":"","ocean_post_title_style":"","ocean_post_title_background_color":"","ocean_post_title_background":0,"ocean_post_title_bg_image_position":"","ocean_post_title_bg_image_attachment":"","ocean_post_title_bg_image_repeat":"","ocean_post_title_bg_image_size":"","ocean_post_title_height":0,"ocean_post_title_bg_overlay":0.5,"ocean_post_title_bg_overlay_color":"","ocean_disable_breadcrumbs":"default","ocean_breadcrumbs_color":"","ocean_breadcrumbs_separator_color":"","ocean_breadcrumbs_links_color":"","ocean_breadcrumbs_links_hover_color":"","ocean_display_footer_widgets":"default","ocean_display_footer_bottom":"default","ocean_custom_footer_template":"","footnotes":""},"class_list":["post-25","page","type-page","status-publish","has-post-thumbnail","hentry","entry","has-media"],"_links":{"self":[{"href":"https:\/\/escrimelemans.fr\/index.php?rest_route=\/wp\/v2\/pages\/25","targetHints":{"allow":["GET"]}}],"collection":[{"href":"https:\/\/escrimelemans.fr\/index.php?rest_route=\/wp\/v2\/pages"}],"about":[{"href":"https:\/\/escrimelemans.fr\/index.php?rest_route=\/wp\/v2\/types\/page"}],"author":[{"embeddable":true,"href":"https:\/\/escrimelemans.fr\/index.php?rest_route=\/wp\/v2\/users\/1"}],"replies":[{"embeddable":true,"href":"https:\/\/escrimelemans.fr\/index.php?rest_route=%2Fwp%2Fv2%2Fcomments&post=25"}],"version-history":[{"count":40,"href":"https:\/\/escrimelemans.fr\/index.php?rest_route=\/wp\/v2\/pages\/25\/revisions"}],"predecessor-version":[{"id":2324,"href":"https:\/\/escrimelemans.fr\/index.php?rest_route=\/wp\/v2\/pages\/25\/revisions\/2324"}],"up":[{"embeddable":true,"href":"https:\/\/escrimelemans.fr\/index.php?rest_route=\/wp\/v2\/pages\/19"}],"wp:featuredmedia":[{"embeddable":true,"href":"https:\/\/escrimelemans.fr\/index.php?rest_route=\/wp\/v2\/media\/1825"}],"wp:attachment":[{"href":"https:\/\/escrimelemans.fr\/index.php?rest_route=%2Fwp%2Fv2%2Fmedia&parent=25"}],"curies":[{"name":"wp","href":"https:\/\/api.w.org\/{rel}","templated":true}]}}