{"id":33,"date":"2015-07-10T11:00:31","date_gmt":"2015-07-10T09:00:31","guid":{"rendered":"http:\/\/escrimelemans.fr\/?page_id=33"},"modified":"2025-02-03T23:54:00","modified_gmt":"2025-02-03T22:54:00","slug":"infos-pratiques","status":"publish","type":"page","link":"https:\/\/escrimelemans.fr\/?page_id=33","title":{"rendered":"Infos Pratiques"},"content":{"rendered":"\n<p>RAPPEL SUR LES ASSOCIATIONS LOI 1901<\/p>\n\n\n\n<p>Une association est consacr\u00e9e par la&nbsp;<a href=\"https:\/\/www.legifrance.gouv.fr\/affichTexte.do?cidTexte=LEGITEXT000006069570\">loi du 1er juillet 1901<\/a>. Ce texte de loi d\u00e9finit notamment le&nbsp;<a href=\"https:\/\/www.legalplace.fr\/guides\/statut-juridique-association\/\">statut juridique<\/a>&nbsp;des structures associatives, ainsi que les diff\u00e9rentes formes d\u2019associations.<\/p>\n\n\n\n<p>En principe, une association est \u00e0 but non lucratif. Le caract\u00e8re d\u00e9sint\u00e9ress\u00e9 d\u2019une association interdit donc la distribution de b\u00e9n\u00e9fices aux associ\u00e9s. Ainsi, tout individu ayant un projet ou une cause commune qui lui tient \u00e0 c\u0153ur <strong>est libre de&nbsp;<a href=\"https:\/\/www.legalplace.fr\/guides\/sengager-dans-association\/\">s\u2019engager dans une association<\/a><\/strong>, ind\u00e9pendamment de son \u00e2ge, sa nationalit\u00e9 ou ses comp\u00e9tences.<\/p>\n\n\n\n<p>Le&nbsp;<a href=\"https:\/\/www.legalplace.fr\/guides\/fonctionnement-association\/\">fonctionnement<\/a>&nbsp;simplifi\u00e9 de l\u2019association fait \u00e9galement partie de ses avantages. En effet, une association :<\/p>\n\n\n\n<ul class=\"wp-block-list\">\n<li>B\u00e9n\u00e9ficie d\u2019une franchise de\u00a0<a href=\"https:\/\/www.legalplace.fr\/guides\/tva-association\/\">TVA<\/a>\u00a0et d\u2019imp\u00f4ts, \u00e0 condition de ne pas d\u00e9passer le seuil de chiffre d\u2019affaires pour celle qui exerce une activit\u00e9 \u00e9conomique ;<\/li>\n\n\n\n<li><strong>A recours au\u00a0<\/strong><strong><a href=\"https:\/\/www.legalplace.fr\/guides\/volontariat-associatif\/\">volontariat associatif<\/a>\u00a0pour faire fonctionner la structure associative ;<\/strong><\/li>\n\n\n\n<li>Peut choisir de\u00a0<a href=\"https:\/\/www.legalplace.fr\/guides\/comptabilite-association\/\">tenir une comptabilit\u00e9<\/a>\u00a0minimale (enregistrement des encaissements et des d\u00e9caissements) ;<\/li>\n\n\n\n<li>Peut\u00a0<strong>profiter des aides et subventions<\/strong>\u00a0pour les associations.<\/li>\n\n\n\n<li>Toutefois, la loi impose une gestion d\u00e9sint\u00e9ress\u00e9e. Cela signifie que\u00a0<strong>l\u2019association ne doit rechercher ni le profit<\/strong>, ni le partage des b\u00e9n\u00e9fices. Cela n\u2019interdit pas la recherche de sources de financement (via les cotisations des membres ou les subventions par exemple).<\/li>\n\n\n\n<li><strong>Par ailleurs, il est\u00a0<\/strong><strong>possible d\u2019embaucher des salari\u00e9s<\/strong><strong>. Dans ce cas, il convient de r\u00e9diger un contrat de travail (<a href=\"https:\/\/www.legalplace.fr\/contrats\/contrat-de-travail-cdi\/\">CDI<\/a>\u00a0ou\u00a0<a href=\"https:\/\/www.legalplace.fr\/contrats\/contrat-de-travail-cdd\/\">CDD<\/a>\u00a0notamment). \u00c0 ce titre, les salari\u00e9s percevront une\u00a0<a href=\"https:\/\/www.legalplace.fr\/guides\/travailler-association\/\">r\u00e9mun\u00e9ration en contrepartie d\u2019une prestation de travail<\/a>.<\/strong><\/li>\n\n\n\n<li><strong>Est-ce qu&rsquo;une association peut faire des b\u00e9n\u00e9fices ?<\/strong><\/li>\n\n\n\n<li>Elle peut en effet faire des b\u00e9n\u00e9fices depuis des activit\u00e9s commerciales ou encore lucratives. En tant qu&rsquo;association, vous avez la possibilit\u00e9 de facturer la vente de produits ou prestation de services et d&rsquo;en d\u00e9gager un certain profit. <strong>La redistribution des b\u00e9n\u00e9fices aux membres est par contre interdite.<\/strong><\/li>\n\n\n\n<li><strong>Comment fonctionne une association loi 1901 ?<\/strong><\/li>\n\n\n\n<li>Le fonctionnement d&rsquo;une association est d\u00e9fini selon les r\u00e8gles mentionn\u00e9es dans les statuts ou encore le r\u00e8glement int\u00e9rieur. Cependant, il reste recommand\u00e9 de nommer des organes de gouvernance via un bureau qui pourra \u00eatre compos\u00e9 de 3 membres : pr\u00e9sident, secr\u00e9taire g\u00e9n\u00e9ral et le tr\u00e9sorier.<\/li>\n<\/ul>\n\n\n\n<p>Derni\u00e8re mise \u00e0 jour le 19\/05\/2021<\/p>\n","protected":false},"excerpt":{"rendered":"<p>RAPPEL SUR LES ASSOCIATIONS LOI 1901 Une association est consacr\u00e9e par la&nbsp;loi du 1er juillet 1901. Ce texte de loi d\u00e9finit notamment le&nbsp;statut juridique&nbsp;des structures associatives, ainsi que les diff\u00e9rentes [&hellip;]<\/p>\n","protected":false},"author":1,"featured_media":0,"parent":0,"menu_order":4,"comment_status":"closed","ping_status":"closed","template":"","meta":{"ocean_post_layout":"","ocean_both_sidebars_style":"","ocean_both_sidebars_content_width":0,"ocean_both_sidebars_sidebars_width":0,"ocean_sidebar":"","ocean_second_sidebar":"","ocean_disable_margins":"enable","ocean_add_body_class":"","ocean_shortcode_before_top_bar":"","ocean_shortcode_after_top_bar":"","ocean_shortcode_before_header":"","ocean_shortcode_after_header":"","ocean_has_shortcode":"","ocean_shortcode_after_title":"","ocean_shortcode_before_footer_widgets":"","ocean_shortcode_after_footer_widgets":"","ocean_shortcode_before_footer_bottom":"","ocean_shortcode_after_footer_bottom":"","ocean_display_top_bar":"default","ocean_display_header":"default","ocean_header_style":"","ocean_center_header_left_menu":"","ocean_custom_header_template":"","ocean_custom_logo":0,"ocean_custom_retina_logo":0,"ocean_custom_logo_max_width":0,"ocean_custom_logo_tablet_max_width":0,"ocean_custom_logo_mobile_max_width":0,"ocean_custom_logo_max_height":0,"ocean_custom_logo_tablet_max_height":0,"ocean_custom_logo_mobile_max_height":0,"ocean_header_custom_menu":"","ocean_menu_typo_font_family":"","ocean_menu_typo_font_subset":"","ocean_menu_typo_font_size":0,"ocean_menu_typo_font_size_tablet":0,"ocean_menu_typo_font_size_mobile":0,"ocean_menu_typo_font_size_unit":"px","ocean_menu_typo_font_weight":"","ocean_menu_typo_font_weight_tablet":"","ocean_menu_typo_font_weight_mobile":"","ocean_menu_typo_transform":"","ocean_menu_typo_transform_tablet":"","ocean_menu_typo_transform_mobile":"","ocean_menu_typo_line_height":0,"ocean_menu_typo_line_height_tablet":0,"ocean_menu_typo_line_height_mobile":0,"ocean_menu_typo_line_height_unit":"","ocean_menu_typo_spacing":0,"ocean_menu_typo_spacing_tablet":0,"ocean_menu_typo_spacing_mobile":0,"ocean_menu_typo_spacing_unit":"","ocean_menu_link_color":"","ocean_menu_link_color_hover":"","ocean_menu_link_color_active":"","ocean_menu_link_background":"","ocean_menu_link_hover_background":"","ocean_menu_link_active_background":"","ocean_menu_social_links_bg":"","ocean_menu_social_hover_links_bg":"","ocean_menu_social_links_color":"","ocean_menu_social_hover_links_color":"","ocean_disable_title":"default","ocean_disable_heading":"default","ocean_post_title":"","ocean_post_subheading":"","ocean_post_title_style":"","ocean_post_title_background_color":"","ocean_post_title_background":0,"ocean_post_title_bg_image_position":"","ocean_post_title_bg_image_attachment":"","ocean_post_title_bg_image_repeat":"","ocean_post_title_bg_image_size":"","ocean_post_title_height":0,"ocean_post_title_bg_overlay":0.5,"ocean_post_title_bg_overlay_color":"","ocean_disable_breadcrumbs":"default","ocean_breadcrumbs_color":"","ocean_breadcrumbs_separator_color":"","ocean_breadcrumbs_links_color":"","ocean_breadcrumbs_links_hover_color":"","ocean_display_footer_widgets":"default","ocean_display_footer_bottom":"default","ocean_custom_footer_template":"","footnotes":""},"class_list":["post-33","page","type-page","status-publish","hentry","entry"],"_links":{"self":[{"href":"https:\/\/escrimelemans.fr\/index.php?rest_route=\/wp\/v2\/pages\/33","targetHints":{"allow":["GET"]}}],"collection":[{"href":"https:\/\/escrimelemans.fr\/index.php?rest_route=\/wp\/v2\/pages"}],"about":[{"href":"https:\/\/escrimelemans.fr\/index.php?rest_route=\/wp\/v2\/types\/page"}],"author":[{"embeddable":true,"href":"https:\/\/escrimelemans.fr\/index.php?rest_route=\/wp\/v2\/users\/1"}],"replies":[{"embeddable":true,"href":"https:\/\/escrimelemans.fr\/index.php?rest_route=%2Fwp%2Fv2%2Fcomments&post=33"}],"version-history":[{"count":6,"href":"https:\/\/escrimelemans.fr\/index.php?rest_route=\/wp\/v2\/pages\/33\/revisions"}],"predecessor-version":[{"id":2669,"href":"https:\/\/escrimelemans.fr\/index.php?rest_route=\/wp\/v2\/pages\/33\/revisions\/2669"}],"wp:attachment":[{"href":"https:\/\/escrimelemans.fr\/index.php?rest_route=%2Fwp%2Fv2%2Fmedia&parent=33"}],"curies":[{"name":"wp","href":"https:\/\/api.w.org\/{rel}","templated":true}]}}